{"id":5053,"date":"2022-04-20T11:56:28","date_gmt":"2022-04-20T09:56:28","guid":{"rendered":"https:\/\/www.cpa.de\/careers\/"},"modified":"2025-06-02T16:53:46","modified_gmt":"2025-06-02T14:53:46","slug":"careers","status":"publish","type":"page","link":"https:\/\/www.cpa.de\/en\/careers\/","title":{"rendered":"Careers"},"content":{"rendered":"\t\t<div data-elementor-type=\"wp-page\" data-elementor-id=\"5053\" class=\"elementor elementor-5053 elementor-1992\" data-elementor-post-type=\"page\">\n\t\t\t\t\t\t<section class=\"elementor-section elementor-top-section elementor-element elementor-element-49e11ed elementor-section-content-middle elementor-section-height-min-height elementor-section-boxed elementor-section-height-default elementor-section-items-middle\" data-id=\"49e11ed\" data-element_type=\"section\" data-e-type=\"section\" data-settings=\"{&quot;background_background&quot;:&quot;classic&quot;}\">\n\t\t\t\t\t\t\t<div class=\"elementor-background-overlay\"><\/div>\n\t\t\t\t\t\t\t<div class=\"elementor-container elementor-column-gap-wider\">\n\t\t\t\t\t<div class=\"elementor-column elementor-col-100 elementor-top-column elementor-element elementor-element-f2dc6f8\" data-id=\"f2dc6f8\" data-element_type=\"column\" data-e-type=\"column\">\n\t\t\t<div class=\"elementor-widget-wrap elementor-element-populated\">\n\t\t\t\t\t\t<div class=\"elementor-element elementor-element-9ec691e cpah1 elementor-widget elementor-widget-heading\" data-id=\"9ec691e\" data-element_type=\"widget\" data-e-type=\"widget\" data-widget_type=\"heading.default\">\n\t\t\t\t<div class=\"elementor-widget-container\">\n\t\t\t\t\t<h1 class=\"elementor-heading-title elementor-size-default\">Careers<\/h1>\t\t\t\t<\/div>\n\t\t\t\t<\/div>\n\t\t\t\t\t<\/div>\n\t\t<\/div>\n\t\t\t\t\t<\/div>\n\t\t<\/section>\n\t\t\t\t<section class=\"elementor-section elementor-top-section elementor-element elementor-element-5dd3ace elementor-section-content-middle animated-slow elementor-section-boxed elementor-section-height-default elementor-section-height-default elementor-invisible\" data-id=\"5dd3ace\" data-element_type=\"section\" data-e-type=\"section\" data-settings=\"{&quot;background_background&quot;:&quot;classic&quot;,&quot;animation&quot;:&quot;fadeIn&quot;}\">\n\t\t\t\t\t\t<div class=\"elementor-container elementor-column-gap-default\">\n\t\t\t\t\t<div class=\"elementor-column elementor-col-100 elementor-top-column elementor-element elementor-element-c692fc3\" data-id=\"c692fc3\" data-element_type=\"column\" data-e-type=\"column\">\n\t\t\t<div class=\"elementor-widget-wrap elementor-element-populated\">\n\t\t\t\t\t\t<div class=\"elementor-element elementor-element-5dbb327 elementor-widget elementor-widget-heading\" data-id=\"5dbb327\" data-element_type=\"widget\" data-e-type=\"widget\" data-widget_type=\"heading.default\">\n\t\t\t\t<div class=\"elementor-widget-container\">\n\t\t\t\t\t<h2 class=\"elementor-heading-title elementor-size-default\">\u200cWelcome to the team \u2013 if teamwork is your workstyle!<\/h2>\t\t\t\t<\/div>\n\t\t\t\t<\/div>\n\t\t\t\t<div class=\"elementor-element elementor-element-122095c elementor-widget elementor-widget-text-editor\" data-id=\"122095c\" data-element_type=\"widget\" data-e-type=\"widget\" data-widget_type=\"text-editor.default\">\n\t\t\t\t<div class=\"elementor-widget-container\">\n\t\t\t\t\t\t\t\t\t<p>\u200cThe partnership approach to working with our clients has its roots in our teamwork \u2013 and this is the key to our success. \u200cWe are always keen to find committed employees who enjoy working independently, taking responsibility for their own work and who also appreciate synergies within a group. \u200cThat is why the team ultimately decides who we hire. \u200cAnd this applies to trainees, students, those starting out on their careers and those with professional experience.<\/p>\n\t\t\t\t\t\t\t\t<\/div>\n\t\t\t\t<\/div>\n\t\t\t\t\t<\/div>\n\t\t<\/div>\n\t\t\t\t\t<\/div>\n\t\t<\/section>\n\t\t\t\t<section class=\"elementor-section elementor-top-section elementor-element elementor-element-8b0d9fe elementor-section-boxed elementor-section-height-default elementor-section-height-default\" data-id=\"8b0d9fe\" data-element_type=\"section\" data-e-type=\"section\">\n\t\t\t\t\t\t<div class=\"elementor-container elementor-column-gap-default\">\n\t\t\t\t\t<div class=\"elementor-column elementor-col-100 elementor-top-column elementor-element elementor-element-b5caec3\" data-id=\"b5caec3\" data-element_type=\"column\" data-e-type=\"column\">\n\t\t\t<div class=\"elementor-widget-wrap elementor-element-populated\">\n\t\t\t\t\t\t<div class=\"elementor-element elementor-element-f973643 elementor-widget elementor-widget-image\" data-id=\"f973643\" data-element_type=\"widget\" data-e-type=\"widget\" data-widget_type=\"image.default\">\n\t\t\t\t<div class=\"elementor-widget-container\">\n\t\t\t\t\t\t\t\t\t\t\t\t\t\t\t<img fetchpriority=\"high\" decoding=\"async\" width=\"1000\" height=\"350\" src=\"https:\/\/www.cpa.de\/wp-content\/uploads\/2021\/07\/cpa-karriere-1000x350-1.jpg\" class=\"attachment-full size-full wp-image-3597\" alt=\"Bewerbungsgespr\u00e4ch: Zwei M\u00e4nner begr\u00fc\u00dfen eine Bewerberin mit einem Handschlag. CPA SoftwareConsult Karriere\" srcset=\"https:\/\/www.cpa.de\/wp-content\/uploads\/2021\/07\/cpa-karriere-1000x350-1.jpg 1000w, https:\/\/www.cpa.de\/wp-content\/uploads\/2021\/07\/cpa-karriere-1000x350-1-300x105.jpg 300w, https:\/\/www.cpa.de\/wp-content\/uploads\/2021\/07\/cpa-karriere-1000x350-1-768x269.jpg 768w\" sizes=\"(max-width: 1000px) 100vw, 1000px\" \/>\t\t\t\t\t\t\t\t\t\t\t\t\t\t\t<\/div>\n\t\t\t\t<\/div>\n\t\t\t\t\t<\/div>\n\t\t<\/div>\n\t\t\t\t\t<\/div>\n\t\t<\/section>\n\t\t\t\t<section class=\"elementor-section elementor-top-section elementor-element elementor-element-d118d07 elementor-section-content-middle animated-fast elementor-section-boxed elementor-section-height-default elementor-section-height-default elementor-invisible\" data-id=\"d118d07\" data-element_type=\"section\" data-e-type=\"section\" data-settings=\"{&quot;animation&quot;:&quot;fadeInUp&quot;}\">\n\t\t\t\t\t\t<div class=\"elementor-container elementor-column-gap-default\">\n\t\t\t\t\t<div class=\"elementor-column elementor-col-100 elementor-top-column elementor-element elementor-element-f88f1ac\" data-id=\"f88f1ac\" data-element_type=\"column\" data-e-type=\"column\" data-settings=\"{&quot;background_background&quot;:&quot;classic&quot;}\">\n\t\t\t<div class=\"elementor-widget-wrap elementor-element-populated\">\n\t\t\t\t\t\t<div class=\"elementor-element elementor-element-ceba41e elementor-widget elementor-widget-heading\" data-id=\"ceba41e\" data-element_type=\"widget\" data-e-type=\"widget\" data-widget_type=\"heading.default\">\n\t\t\t\t<div class=\"elementor-widget-container\">\n\t\t\t\t\t<h2 class=\"elementor-heading-title elementor-size-default\">\u200cCPA in action \u2013 staying agile as a company.<\/h2>\t\t\t\t<\/div>\n\t\t\t\t<\/div>\n\t\t\t\t<div class=\"elementor-element elementor-element-8816b5f elementor-widget elementor-widget-text-editor\" data-id=\"8816b5f\" data-element_type=\"widget\" data-e-type=\"widget\" data-widget_type=\"text-editor.default\">\n\t\t\t\t<div class=\"elementor-widget-container\">\n\t\t\t\t\t\t\t\t\t<p>\u200cFor some companies, &#8216;agility&#8217; is just another buzzword. For us it is a practised culture. \u200cOur customers as well as our ShoeFactory platform, with its changing market challenges, demand the highest standards for continuous optimisation of our software solutions. \u200cThis means that as a team and a company, we are continually questioning and realigning ourselves. \u200cIt is a mindset that permeates all areas at CPA, taking the form of more space for new employees, modern workplace design, flexible team workplaces and well-maintained feel-good areas. \u200cNew employees can expect a company that strives to optimise itself \u2013 not only from a client point of view but also as an employer.<\/p>\n\t\t\t\t\t\t\t\t<\/div>\n\t\t\t\t<\/div>\n\t\t\t\t\t<\/div>\n\t\t<\/div>\n\t\t\t\t\t<\/div>\n\t\t<\/section>\n\t\t\t\t<section class=\"elementor-section elementor-top-section elementor-element elementor-element-8f9413a elementor-section-content-middle animated-slow elementor-section-boxed elementor-section-height-default elementor-section-height-default elementor-invisible\" data-id=\"8f9413a\" data-element_type=\"section\" data-e-type=\"section\" data-settings=\"{&quot;animation&quot;:&quot;fadeIn&quot;}\">\n\t\t\t\t\t\t<div class=\"elementor-container elementor-column-gap-default\">\n\t\t\t\t\t<div class=\"elementor-column elementor-col-100 elementor-top-column elementor-element elementor-element-b08f147\" data-id=\"b08f147\" data-element_type=\"column\" data-e-type=\"column\">\n\t\t\t<div class=\"elementor-widget-wrap elementor-element-populated\">\n\t\t\t\t\t\t<div class=\"elementor-element elementor-element-6b8e00a elementor-widget elementor-widget-heading\" data-id=\"6b8e00a\" data-element_type=\"widget\" data-e-type=\"widget\" data-widget_type=\"heading.default\">\n\t\t\t\t<div class=\"elementor-widget-container\">\n\t\t\t\t\t<h2 class=\"elementor-heading-title elementor-size-default\">\u200cYour benefits \u2013 advance yourself in a team.<\/h2>\t\t\t\t<\/div>\n\t\t\t\t<\/div>\n\t\t\t\t<div class=\"elementor-element elementor-element-aa768ce elementor-widget elementor-widget-text-editor\" data-id=\"aa768ce\" data-element_type=\"widget\" data-e-type=\"widget\" data-widget_type=\"text-editor.default\">\n\t\t\t\t<div class=\"elementor-widget-container\">\n\t\t\t\t\t\t\t\t\t<p>\u200cWe would like you to improve professionally with us and in so doing support us in progressing as a company. \u200cThat is why we cultivate a know-how transfer among all our employees and ensure that each single person gains knowledge through continuous training and further education. \u200cAnd we regard regular dialogue about goals, wishes or status as an important instrument. \u200cAbove all however, there is the team concept. \u200cThis is because day-to-day project challenges can only be mastered by a team that works harmoniously. \u200cWhen a team needs to be enlarged, individual members are included in the applicant selection process. \u200cShould you ever be part of our team, you will be on first-name terms with the others \u2013 this is part of our culture.<\/p>\n\t\t\t\t\t\t\t\t<\/div>\n\t\t\t\t<\/div>\n\t\t\t\t\t<\/div>\n\t\t<\/div>\n\t\t\t\t\t<\/div>\n\t\t<\/section>\n\t\t\t\t<section class=\"elementor-section elementor-top-section elementor-element elementor-element-484b77c elementor-section-content-middle animated-slow elementor-section-boxed elementor-section-height-default elementor-section-height-default elementor-invisible\" data-id=\"484b77c\" data-element_type=\"section\" data-e-type=\"section\" id=\"cpastellen\" data-settings=\"{&quot;background_background&quot;:&quot;classic&quot;,&quot;animation&quot;:&quot;fadeIn&quot;}\">\n\t\t\t\t\t\t\t<div class=\"elementor-background-overlay\"><\/div>\n\t\t\t\t\t\t\t<div class=\"elementor-container elementor-column-gap-default\">\n\t\t\t\t\t<div class=\"elementor-column elementor-col-100 elementor-top-column elementor-element elementor-element-81ba107\" data-id=\"81ba107\" data-element_type=\"column\" data-e-type=\"column\" data-settings=\"{&quot;background_background&quot;:&quot;classic&quot;}\">\n\t\t\t<div class=\"elementor-widget-wrap elementor-element-populated\">\n\t\t\t\t\t\t<div class=\"elementor-element elementor-element-cec89e0 elementor-widget elementor-widget-heading\" data-id=\"cec89e0\" data-element_type=\"widget\" data-e-type=\"widget\" data-widget_type=\"heading.default\">\n\t\t\t\t<div class=\"elementor-widget-container\">\n\t\t\t\t\t<h2 class=\"elementor-heading-title elementor-size-default\">\u200cVacancies that are ready for your commitment.<\/h2>\t\t\t\t<\/div>\n\t\t\t\t<\/div>\n\t\t\t\t<div class=\"elementor-element elementor-element-3988e0e elementor-widget elementor-widget-text-editor\" data-id=\"3988e0e\" data-element_type=\"widget\" data-e-type=\"widget\" data-widget_type=\"text-editor.default\">\n\t\t\t\t<div class=\"elementor-widget-container\">\n\t\t\t\t\t\t\t\t\t<p>\u200cYou like showing commitment, working independently and taking responsibility for your own work as part of a team? \u200cThen perhaps we can offer what you are looking for. \u200cShould none of the current vacancies match your profile you might be happy to hear that we also welcome speculative applications. \u200cAfter all, from time to time they can come in very handy when we are considering a vacancy. \u200cThen you will be the first we contact.<\/p>\n\t\t\t\t\t\t\t\t<\/div>\n\t\t\t\t<\/div>\n\t\t\t\t<div class=\"elementor-element elementor-element-089c4d6 elementor-widget elementor-widget-heading\" data-id=\"089c4d6\" data-element_type=\"widget\" data-e-type=\"widget\" data-widget_type=\"heading.default\">\n\t\t\t\t<div class=\"elementor-widget-container\">\n\t\t\t\t\t<h3 class=\"elementor-heading-title elementor-size-default\">\u200cOur current vacancies  <br \/><br \/>Please note that the job descriptions are only available in\nGerman.<\/h3>\t\t\t\t<\/div>\n\t\t\t\t<\/div>\n\t\t\t\t<div class=\"elementor-element elementor-element-270012b elementor-cta--skin-classic elementor-animated-content elementor-widget elementor-widget-call-to-action\" data-id=\"270012b\" data-element_type=\"widget\" data-e-type=\"widget\" data-widget_type=\"call-to-action.default\">\n\t\t\t\t<div class=\"elementor-widget-container\">\n\t\t\t\t\t\t\t<a class=\"elementor-cta\" href=\"mailto:jobs@cpa.de?subject=Application%20as%20...\" target=\"_blank\">\n\t\t\t\t\t<div class=\"elementor-cta__bg-wrapper\">\n\t\t\t\t<div class=\"elementor-cta__bg elementor-bg\" style=\"background-image: url(https:\/\/www.cpa.de\/wp-content\/uploads\/2021\/07\/cpa-karriere-box2.jpg);\" role=\"img\" aria-label=\"cpa-karriere-box2\"><\/div>\n\t\t\t\t<div class=\"elementor-cta__bg-overlay\"><\/div>\n\t\t\t<\/div>\n\t\t\t\t\t\t\t<div class=\"elementor-cta__content\">\n\t\t\t\t\n\t\t\t\t\t\t\t\t\t<h2 class=\"elementor-cta__title elementor-cta__content-item elementor-content-item\">\n\t\t\t\t\t\tHave we sparked your interest?\t\t\t\t\t<\/h2>\n\t\t\t\t\n\t\t\t\t\t\t\t\t\t<div class=\"elementor-cta__description elementor-cta__content-item elementor-content-item\">\n\t\t\t\t\t\t<p>\u200cThen send us your complete application documents, preferably by e-mail, stating your salary expectations and your earliest possible date of employment to jobs@cpa.de or to Ina Wadenpohl, CPA SoftwareConsult GmbH, Zur Schlenkhecke 6, 40764 Langenfeld, Germany.<\/p>\n\t\t\t\t\t<\/div>\n\t\t\t\t\n\t\t\t\t\t\t\t\t\t<div class=\"elementor-cta__button-wrapper elementor-cta__content-item elementor-content-item \">\n\t\t\t\t\t<span class=\"elementor-cta__button elementor-button elementor-size-\">\n\t\t\t\t\t\tApply now\t\t\t\t\t<\/span>\n\t\t\t\t\t<\/div>\n\t\t\t\t\t\t\t<\/div>\n\t\t\t\t\t\t<\/a>\n\t\t\t\t\t\t<\/div>\n\t\t\t\t<\/div>\n\t\t\t\t\t<\/div>\n\t\t<\/div>\n\t\t\t\t\t<\/div>\n\t\t<\/section>\n\t\t\t\t<\/div>\n\t\t","protected":false},"excerpt":{"rendered":"<p>Careers \u200cWelcome to the team \u2013 if teamwork is your workstyle! \u200cThe partnership approach to working with our clients has its roots in our teamwork \u2013 and this is the key to our success. \u200cWe are always keen to find committed employees who enjoy working independently, taking responsibility for their own work and who also [&hellip;]<\/p>\n","protected":false},"author":1,"featured_media":3597,"parent":0,"menu_order":0,"comment_status":"closed","ping_status":"closed","template":"elementor_header_footer","meta":{"footnotes":""},"class_list":["post-5053","page","type-page","status-publish","has-post-thumbnail","hentry"],"yoast_head":"<!-- This site is optimized with the Yoast SEO plugin v27.3 - https:\/\/yoast.com\/product\/yoast-seo-wordpress\/ -->\n<title>Careers - CPA SoftwareConsult<\/title>\n<meta name=\"robots\" content=\"index, follow, max-snippet:-1, max-image-preview:large, max-video-preview:-1\" \/>\n<link rel=\"canonical\" href=\"https:\/\/www.cpa.de\/en\/careers\/\" \/>\n<meta property=\"og:locale\" content=\"en_US\" \/>\n<meta property=\"og:type\" content=\"article\" \/>\n<meta property=\"og:title\" content=\"Careers - CPA SoftwareConsult\" \/>\n<meta property=\"og:description\" content=\"Careers \u200cWelcome to the team \u2013 if teamwork is your workstyle! \u200cThe partnership approach to working with our clients has its roots in our teamwork \u2013 and this is the key to our success. \u200cWe are always keen to find committed employees who enjoy working independently, taking responsibility for their own work and who also [&hellip;]\" \/>\n<meta property=\"og:url\" content=\"https:\/\/www.cpa.de\/en\/careers\/\" \/>\n<meta property=\"og:site_name\" content=\"CPA SoftwareConsult\" \/>\n<meta property=\"article:modified_time\" content=\"2025-06-02T14:53:46+00:00\" \/>\n<meta property=\"og:image\" content=\"https:\/\/www.cpa.de\/wp-content\/uploads\/2021\/07\/cpa-karriere-1000x350-1.jpg\" \/>\n\t<meta property=\"og:image:width\" content=\"1000\" \/>\n\t<meta property=\"og:image:height\" content=\"350\" \/>\n\t<meta property=\"og:image:type\" content=\"image\/jpeg\" \/>\n<meta name=\"twitter:card\" content=\"summary_large_image\" \/>\n<meta name=\"twitter:label1\" content=\"Est. reading time\" \/>\n\t<meta name=\"twitter:data1\" content=\"3 minutes\" \/>\n<script type=\"application\/ld+json\" class=\"yoast-schema-graph\">{\"@context\":\"https:\\\/\\\/schema.org\",\"@graph\":[{\"@type\":\"WebPage\",\"@id\":\"https:\\\/\\\/www.cpa.de\\\/en\\\/careers\\\/\",\"url\":\"https:\\\/\\\/www.cpa.de\\\/en\\\/careers\\\/\",\"name\":\"Careers - CPA SoftwareConsult\",\"isPartOf\":{\"@id\":\"https:\\\/\\\/www.cpa.de\\\/#website\"},\"primaryImageOfPage\":{\"@id\":\"https:\\\/\\\/www.cpa.de\\\/en\\\/careers\\\/#primaryimage\"},\"image\":{\"@id\":\"https:\\\/\\\/www.cpa.de\\\/en\\\/careers\\\/#primaryimage\"},\"thumbnailUrl\":\"https:\\\/\\\/www.cpa.de\\\/wp-content\\\/uploads\\\/2021\\\/07\\\/cpa-karriere-1000x350-1.jpg\",\"datePublished\":\"2022-04-20T09:56:28+00:00\",\"dateModified\":\"2025-06-02T14:53:46+00:00\",\"breadcrumb\":{\"@id\":\"https:\\\/\\\/www.cpa.de\\\/en\\\/careers\\\/#breadcrumb\"},\"inLanguage\":\"en-US\",\"potentialAction\":[{\"@type\":\"ReadAction\",\"target\":[\"https:\\\/\\\/www.cpa.de\\\/en\\\/careers\\\/\"]}]},{\"@type\":\"ImageObject\",\"inLanguage\":\"en-US\",\"@id\":\"https:\\\/\\\/www.cpa.de\\\/en\\\/careers\\\/#primaryimage\",\"url\":\"https:\\\/\\\/www.cpa.de\\\/wp-content\\\/uploads\\\/2021\\\/07\\\/cpa-karriere-1000x350-1.jpg\",\"contentUrl\":\"https:\\\/\\\/www.cpa.de\\\/wp-content\\\/uploads\\\/2021\\\/07\\\/cpa-karriere-1000x350-1.jpg\",\"width\":1000,\"height\":350,\"caption\":\"Der erste Eindruck z\u00e4hlt \u2013 Willkommen im CPA-Team!\"},{\"@type\":\"BreadcrumbList\",\"@id\":\"https:\\\/\\\/www.cpa.de\\\/en\\\/careers\\\/#breadcrumb\",\"itemListElement\":[{\"@type\":\"ListItem\",\"position\":1,\"name\":\"Startseite\",\"item\":\"https:\\\/\\\/www.cpa.de\\\/en\\\/\"},{\"@type\":\"ListItem\",\"position\":2,\"name\":\"Careers\"}]},{\"@type\":\"WebSite\",\"@id\":\"https:\\\/\\\/www.cpa.de\\\/#website\",\"url\":\"https:\\\/\\\/www.cpa.de\\\/\",\"name\":\"CPA SoftwareConsult\",\"description\":\"\",\"publisher\":{\"@id\":\"https:\\\/\\\/www.cpa.de\\\/#organization\"},\"potentialAction\":[{\"@type\":\"SearchAction\",\"target\":{\"@type\":\"EntryPoint\",\"urlTemplate\":\"https:\\\/\\\/www.cpa.de\\\/?s={search_term_string}\"},\"query-input\":{\"@type\":\"PropertyValueSpecification\",\"valueRequired\":true,\"valueName\":\"search_term_string\"}}],\"inLanguage\":\"en-US\"},{\"@type\":\"Organization\",\"@id\":\"https:\\\/\\\/www.cpa.de\\\/#organization\",\"name\":\"CPA SoftwareConsult GmbH\",\"url\":\"https:\\\/\\\/www.cpa.de\\\/\",\"logo\":{\"@type\":\"ImageObject\",\"inLanguage\":\"en-US\",\"@id\":\"https:\\\/\\\/www.cpa.de\\\/#\\\/schema\\\/logo\\\/image\\\/\",\"url\":\"https:\\\/\\\/www.cpa.de\\\/wp-content\\\/uploads\\\/2021\\\/05\\\/favicon512.png\",\"contentUrl\":\"https:\\\/\\\/www.cpa.de\\\/wp-content\\\/uploads\\\/2021\\\/05\\\/favicon512.png\",\"width\":512,\"height\":512,\"caption\":\"CPA SoftwareConsult GmbH\"},\"image\":{\"@id\":\"https:\\\/\\\/www.cpa.de\\\/#\\\/schema\\\/logo\\\/image\\\/\"},\"sameAs\":[\"https:\\\/\\\/www.xing.com\\\/pages\\\/cpa-softwareconsult-gmbh\",\"https:\\\/\\\/www.linkedin.com\\\/company\\\/cpa-softwareconsult-gmbh\\\/\"]}]}<\/script>\n<!-- \/ Yoast SEO plugin. -->","yoast_head_json":{"title":"Careers - CPA SoftwareConsult","robots":{"index":"index","follow":"follow","max-snippet":"max-snippet:-1","max-image-preview":"max-image-preview:large","max-video-preview":"max-video-preview:-1"},"canonical":"https:\/\/www.cpa.de\/en\/careers\/","og_locale":"en_US","og_type":"article","og_title":"Careers - CPA SoftwareConsult","og_description":"Careers \u200cWelcome to the team \u2013 if teamwork is your workstyle! \u200cThe partnership approach to working with our clients has its roots in our teamwork \u2013 and this is the key to our success. \u200cWe are always keen to find committed employees who enjoy working independently, taking responsibility for their own work and who also [&hellip;]","og_url":"https:\/\/www.cpa.de\/en\/careers\/","og_site_name":"CPA SoftwareConsult","article_modified_time":"2025-06-02T14:53:46+00:00","og_image":[{"width":1000,"height":350,"url":"https:\/\/www.cpa.de\/wp-content\/uploads\/2021\/07\/cpa-karriere-1000x350-1.jpg","type":"image\/jpeg"}],"twitter_card":"summary_large_image","twitter_misc":{"Est. reading time":"3 minutes"},"schema":{"@context":"https:\/\/schema.org","@graph":[{"@type":"WebPage","@id":"https:\/\/www.cpa.de\/en\/careers\/","url":"https:\/\/www.cpa.de\/en\/careers\/","name":"Careers - CPA SoftwareConsult","isPartOf":{"@id":"https:\/\/www.cpa.de\/#website"},"primaryImageOfPage":{"@id":"https:\/\/www.cpa.de\/en\/careers\/#primaryimage"},"image":{"@id":"https:\/\/www.cpa.de\/en\/careers\/#primaryimage"},"thumbnailUrl":"https:\/\/www.cpa.de\/wp-content\/uploads\/2021\/07\/cpa-karriere-1000x350-1.jpg","datePublished":"2022-04-20T09:56:28+00:00","dateModified":"2025-06-02T14:53:46+00:00","breadcrumb":{"@id":"https:\/\/www.cpa.de\/en\/careers\/#breadcrumb"},"inLanguage":"en-US","potentialAction":[{"@type":"ReadAction","target":["https:\/\/www.cpa.de\/en\/careers\/"]}]},{"@type":"ImageObject","inLanguage":"en-US","@id":"https:\/\/www.cpa.de\/en\/careers\/#primaryimage","url":"https:\/\/www.cpa.de\/wp-content\/uploads\/2021\/07\/cpa-karriere-1000x350-1.jpg","contentUrl":"https:\/\/www.cpa.de\/wp-content\/uploads\/2021\/07\/cpa-karriere-1000x350-1.jpg","width":1000,"height":350,"caption":"Der erste Eindruck z\u00e4hlt \u2013 Willkommen im CPA-Team!"},{"@type":"BreadcrumbList","@id":"https:\/\/www.cpa.de\/en\/careers\/#breadcrumb","itemListElement":[{"@type":"ListItem","position":1,"name":"Startseite","item":"https:\/\/www.cpa.de\/en\/"},{"@type":"ListItem","position":2,"name":"Careers"}]},{"@type":"WebSite","@id":"https:\/\/www.cpa.de\/#website","url":"https:\/\/www.cpa.de\/","name":"CPA SoftwareConsult","description":"","publisher":{"@id":"https:\/\/www.cpa.de\/#organization"},"potentialAction":[{"@type":"SearchAction","target":{"@type":"EntryPoint","urlTemplate":"https:\/\/www.cpa.de\/?s={search_term_string}"},"query-input":{"@type":"PropertyValueSpecification","valueRequired":true,"valueName":"search_term_string"}}],"inLanguage":"en-US"},{"@type":"Organization","@id":"https:\/\/www.cpa.de\/#organization","name":"CPA SoftwareConsult GmbH","url":"https:\/\/www.cpa.de\/","logo":{"@type":"ImageObject","inLanguage":"en-US","@id":"https:\/\/www.cpa.de\/#\/schema\/logo\/image\/","url":"https:\/\/www.cpa.de\/wp-content\/uploads\/2021\/05\/favicon512.png","contentUrl":"https:\/\/www.cpa.de\/wp-content\/uploads\/2021\/05\/favicon512.png","width":512,"height":512,"caption":"CPA SoftwareConsult GmbH"},"image":{"@id":"https:\/\/www.cpa.de\/#\/schema\/logo\/image\/"},"sameAs":["https:\/\/www.xing.com\/pages\/cpa-softwareconsult-gmbh","https:\/\/www.linkedin.com\/company\/cpa-softwareconsult-gmbh\/"]}]}},"_links":{"self":[{"href":"https:\/\/www.cpa.de\/en\/wp-json\/wp\/v2\/pages\/5053","targetHints":{"allow":["GET"]}}],"collection":[{"href":"https:\/\/www.cpa.de\/en\/wp-json\/wp\/v2\/pages"}],"about":[{"href":"https:\/\/www.cpa.de\/en\/wp-json\/wp\/v2\/types\/page"}],"author":[{"embeddable":true,"href":"https:\/\/www.cpa.de\/en\/wp-json\/wp\/v2\/users\/1"}],"replies":[{"embeddable":true,"href":"https:\/\/www.cpa.de\/en\/wp-json\/wp\/v2\/comments?post=5053"}],"version-history":[{"count":56,"href":"https:\/\/www.cpa.de\/en\/wp-json\/wp\/v2\/pages\/5053\/revisions"}],"predecessor-version":[{"id":8018,"href":"https:\/\/www.cpa.de\/en\/wp-json\/wp\/v2\/pages\/5053\/revisions\/8018"}],"wp:featuredmedia":[{"embeddable":true,"href":"https:\/\/www.cpa.de\/en\/wp-json\/wp\/v2\/media\/3597"}],"wp:attachment":[{"href":"https:\/\/www.cpa.de\/en\/wp-json\/wp\/v2\/media?parent=5053"}],"curies":[{"name":"wp","href":"https:\/\/api.w.org\/{rel}","templated":true}]}}